{"id":4304,"date":"2024-03-16T15:32:54","date_gmt":"2024-03-16T14:32:54","guid":{"rendered":"https:\/\/keravi.fr\/?post_type=product&#038;p=4304"},"modified":"2026-03-18T11:41:58","modified_gmt":"2026-03-18T10:41:58","slug":"duo-masque-shampoing-2","status":"publish","type":"product","link":"https:\/\/keravi.fr\/index.php\/product\/duo-masque-shampoing-2\/","title":{"rendered":"Duo R\u00e9paration &#8211; Masque &amp; Shampoing"},"content":{"rendered":"","protected":false},"excerpt":{"rendered":"<p>D\u00e9couvrez le duo Keravi Paris pour des cheveux sublimes et en pleine sant\u00e9 ! Notre shampoing doux et efficace, sans sulfates, est enrichi en k\u00e9ratine, biotine et prot\u00e9ines de soie, qui nettoient en profondeur tout en renfor\u00e7ant la fibre capillaire, stimulant la croissance et apportant brillance et douceur. Compl\u00e9tez votre routine avec notre masque riche en collag\u00e8ne, k\u00e9ratine, biotine et prot\u00e9ines de soie: il nourrit intens\u00e9ment, r\u00e9pare les cheveux abim\u00e9s, lisse les frisottis et redonne vitalit\u00e9 et \u00e9clat \u00e0 votre chevelure. Ensemble, ces soins professionnels r\u00e9parent, prot\u00e8gent et subliment tous types de cheveux pour un r\u00e9sultat \u00e9clatant, soyeux et durable.<\/p>\n","protected":false},"featured_media":3518,"comment_status":"open","ping_status":"closed","template":"","meta":[],"product_brand":[],"product_cat":[69,68],"product_tag":[],"class_list":{"0":"post-4304","1":"product","2":"type-product","3":"status-publish","4":"has-post-thumbnail","6":"product_cat-masque","7":"product_cat-shampoing","9":"first","10":"outofstock","11":"shipping-taxable","12":"purchasable","13":"product-type-simple"},"yoast_head":"<!-- This site is optimized with the Yoast SEO plugin v27.4 - https:\/\/yoast.com\/product\/yoast-seo-wordpress\/ -->\n<title>Duo R\u00e9paration - Masque &amp; Shampoing - Keravi<\/title>\n<meta name=\"robots\" content=\"index, follow, max-snippet:-1, max-image-preview:large, max-video-preview:-1\" \/>\n<link rel=\"canonical\" href=\"https:\/\/keravi.fr\/index.php\/product\/duo-masque-shampoing-2\/\" \/>\n<meta property=\"og:locale\" content=\"fr_FR\" \/>\n<meta property=\"og:type\" content=\"article\" \/>\n<meta property=\"og:title\" content=\"Duo R\u00e9paration - Masque &amp; Shampoing - Keravi\" \/>\n<meta property=\"og:description\" content=\"D\u00e9couvrez le duo Keravi Paris pour des cheveux sublimes et en pleine sant\u00e9 ! Notre shampoing doux et efficace, sans sulfates, est enrichi en k\u00e9ratine, biotine et prot\u00e9ines de soie, qui nettoient en profondeur tout en renfor\u00e7ant la fibre capillaire, stimulant la croissance et apportant brillance et douceur. Compl\u00e9tez votre routine avec notre masque riche en collag\u00e8ne, k\u00e9ratine, biotine et prot\u00e9ines de soie: il nourrit intens\u00e9ment, r\u00e9pare les cheveux abim\u00e9s, lisse les frisottis et redonne vitalit\u00e9 et \u00e9clat \u00e0 votre chevelure. Ensemble, ces soins professionnels r\u00e9parent, prot\u00e8gent et subliment tous types de cheveux pour un r\u00e9sultat \u00e9clatant, soyeux et durable.\" \/>\n<meta property=\"og:url\" content=\"https:\/\/keravi.fr\/index.php\/product\/duo-masque-shampoing-2\/\" \/>\n<meta property=\"og:site_name\" content=\"Keravi\" \/>\n<meta property=\"article:modified_time\" content=\"2026-03-18T10:41:58+00:00\" \/>\n<meta property=\"og:image\" content=\"https:\/\/keravi.fr\/wp-content\/uploads\/2023\/12\/WhatsApp-Image-2023-12-21-at-1.19.19-PM-2.jpeg\" \/>\n\t<meta property=\"og:image:width\" content=\"1000\" \/>\n\t<meta property=\"og:image:height\" content=\"1000\" \/>\n\t<meta property=\"og:image:type\" content=\"image\/jpeg\" \/>\n<meta name=\"twitter:card\" content=\"summary_large_image\" \/>\n<meta name=\"twitter:label1\" content=\"Dur\u00e9e de lecture estim\u00e9e\" \/>\n\t<meta name=\"twitter:data1\" content=\"1 minute\" \/>\n<script type=\"application\/ld+json\" class=\"yoast-schema-graph\">{\"@context\":\"https:\\\/\\\/schema.org\",\"@graph\":[{\"@type\":\"WebPage\",\"@id\":\"https:\\\/\\\/keravi.fr\\\/index.php\\\/product\\\/duo-masque-shampoing-2\\\/\",\"url\":\"https:\\\/\\\/keravi.fr\\\/index.php\\\/product\\\/duo-masque-shampoing-2\\\/\",\"name\":\"Duo R\u00e9paration - Masque &amp; Shampoing - Keravi\",\"isPartOf\":{\"@id\":\"https:\\\/\\\/keravi.fr\\\/#website\"},\"primaryImageOfPage\":{\"@id\":\"https:\\\/\\\/keravi.fr\\\/index.php\\\/product\\\/duo-masque-shampoing-2\\\/#primaryimage\"},\"image\":{\"@id\":\"https:\\\/\\\/keravi.fr\\\/index.php\\\/product\\\/duo-masque-shampoing-2\\\/#primaryimage\"},\"thumbnailUrl\":\"https:\\\/\\\/keravi.fr\\\/wp-content\\\/uploads\\\/2023\\\/12\\\/WhatsApp-Image-2023-12-21-at-1.19.19-PM-2.jpeg\",\"datePublished\":\"2024-03-16T14:32:54+00:00\",\"dateModified\":\"2026-03-18T10:41:58+00:00\",\"breadcrumb\":{\"@id\":\"https:\\\/\\\/keravi.fr\\\/index.php\\\/product\\\/duo-masque-shampoing-2\\\/#breadcrumb\"},\"inLanguage\":\"fr-FR\",\"potentialAction\":[{\"@type\":\"ReadAction\",\"target\":[\"https:\\\/\\\/keravi.fr\\\/index.php\\\/product\\\/duo-masque-shampoing-2\\\/\"]}]},{\"@type\":\"ImageObject\",\"inLanguage\":\"fr-FR\",\"@id\":\"https:\\\/\\\/keravi.fr\\\/index.php\\\/product\\\/duo-masque-shampoing-2\\\/#primaryimage\",\"url\":\"https:\\\/\\\/keravi.fr\\\/wp-content\\\/uploads\\\/2023\\\/12\\\/WhatsApp-Image-2023-12-21-at-1.19.19-PM-2.jpeg\",\"contentUrl\":\"https:\\\/\\\/keravi.fr\\\/wp-content\\\/uploads\\\/2023\\\/12\\\/WhatsApp-Image-2023-12-21-at-1.19.19-PM-2.jpeg\",\"width\":1000,\"height\":1000},{\"@type\":\"BreadcrumbList\",\"@id\":\"https:\\\/\\\/keravi.fr\\\/index.php\\\/product\\\/duo-masque-shampoing-2\\\/#breadcrumb\",\"itemListElement\":[{\"@type\":\"ListItem\",\"position\":1,\"name\":\"Accueil\",\"item\":\"https:\\\/\\\/keravi.fr\\\/\"},{\"@type\":\"ListItem\",\"position\":2,\"name\":\"Boutique\",\"item\":\"https:\\\/\\\/keravi.fr\\\/index.php\\\/boutique\\\/\"},{\"@type\":\"ListItem\",\"position\":3,\"name\":\"Duo R\u00e9paration &#8211; Masque &amp; Shampoing\"}]},{\"@type\":\"WebSite\",\"@id\":\"https:\\\/\\\/keravi.fr\\\/#website\",\"url\":\"https:\\\/\\\/keravi.fr\\\/\",\"name\":\"Keravi\",\"description\":\"\",\"publisher\":{\"@id\":\"https:\\\/\\\/keravi.fr\\\/#\\\/schema\\\/person\\\/699c838e8b105af99b7206ca9c9b388f\"},\"potentialAction\":[{\"@type\":\"SearchAction\",\"target\":{\"@type\":\"EntryPoint\",\"urlTemplate\":\"https:\\\/\\\/keravi.fr\\\/?s={search_term_string}\"},\"query-input\":{\"@type\":\"PropertyValueSpecification\",\"valueRequired\":true,\"valueName\":\"search_term_string\"}}],\"inLanguage\":\"fr-FR\"},{\"@type\":[\"Person\",\"Organization\"],\"@id\":\"https:\\\/\\\/keravi.fr\\\/#\\\/schema\\\/person\\\/699c838e8b105af99b7206ca9c9b388f\",\"name\":\"Keravi\",\"image\":{\"@type\":\"ImageObject\",\"inLanguage\":\"fr-FR\",\"@id\":\"https:\\\/\\\/keravi.fr\\\/wp-content\\\/uploads\\\/2023\\\/12\\\/cropped-logo-keravi-blanc.png\",\"url\":\"https:\\\/\\\/keravi.fr\\\/wp-content\\\/uploads\\\/2023\\\/12\\\/cropped-logo-keravi-blanc.png\",\"contentUrl\":\"https:\\\/\\\/keravi.fr\\\/wp-content\\\/uploads\\\/2023\\\/12\\\/cropped-logo-keravi-blanc.png\",\"width\":268,\"height\":80,\"caption\":\"Keravi\"},\"logo\":{\"@id\":\"https:\\\/\\\/keravi.fr\\\/wp-content\\\/uploads\\\/2023\\\/12\\\/cropped-logo-keravi-blanc.png\"}}]}<\/script>\n<!-- \/ Yoast SEO plugin. -->","yoast_head_json":{"title":"Duo R\u00e9paration - Masque &amp; Shampoing - Keravi","robots":{"index":"index","follow":"follow","max-snippet":"max-snippet:-1","max-image-preview":"max-image-preview:large","max-video-preview":"max-video-preview:-1"},"canonical":"https:\/\/keravi.fr\/index.php\/product\/duo-masque-shampoing-2\/","og_locale":"fr_FR","og_type":"article","og_title":"Duo R\u00e9paration - Masque &amp; Shampoing - Keravi","og_description":"D\u00e9couvrez le duo Keravi Paris pour des cheveux sublimes et en pleine sant\u00e9 ! Notre shampoing doux et efficace, sans sulfates, est enrichi en k\u00e9ratine, biotine et prot\u00e9ines de soie, qui nettoient en profondeur tout en renfor\u00e7ant la fibre capillaire, stimulant la croissance et apportant brillance et douceur. Compl\u00e9tez votre routine avec notre masque riche en collag\u00e8ne, k\u00e9ratine, biotine et prot\u00e9ines de soie: il nourrit intens\u00e9ment, r\u00e9pare les cheveux abim\u00e9s, lisse les frisottis et redonne vitalit\u00e9 et \u00e9clat \u00e0 votre chevelure. Ensemble, ces soins professionnels r\u00e9parent, prot\u00e8gent et subliment tous types de cheveux pour un r\u00e9sultat \u00e9clatant, soyeux et durable.","og_url":"https:\/\/keravi.fr\/index.php\/product\/duo-masque-shampoing-2\/","og_site_name":"Keravi","article_modified_time":"2026-03-18T10:41:58+00:00","og_image":[{"width":1000,"height":1000,"url":"https:\/\/keravi.fr\/wp-content\/uploads\/2023\/12\/WhatsApp-Image-2023-12-21-at-1.19.19-PM-2.jpeg","type":"image\/jpeg"}],"twitter_card":"summary_large_image","twitter_misc":{"Dur\u00e9e de lecture estim\u00e9e":"1 minute"},"schema":{"@context":"https:\/\/schema.org","@graph":[{"@type":"WebPage","@id":"https:\/\/keravi.fr\/index.php\/product\/duo-masque-shampoing-2\/","url":"https:\/\/keravi.fr\/index.php\/product\/duo-masque-shampoing-2\/","name":"Duo R\u00e9paration - Masque &amp; Shampoing - Keravi","isPartOf":{"@id":"https:\/\/keravi.fr\/#website"},"primaryImageOfPage":{"@id":"https:\/\/keravi.fr\/index.php\/product\/duo-masque-shampoing-2\/#primaryimage"},"image":{"@id":"https:\/\/keravi.fr\/index.php\/product\/duo-masque-shampoing-2\/#primaryimage"},"thumbnailUrl":"https:\/\/keravi.fr\/wp-content\/uploads\/2023\/12\/WhatsApp-Image-2023-12-21-at-1.19.19-PM-2.jpeg","datePublished":"2024-03-16T14:32:54+00:00","dateModified":"2026-03-18T10:41:58+00:00","breadcrumb":{"@id":"https:\/\/keravi.fr\/index.php\/product\/duo-masque-shampoing-2\/#breadcrumb"},"inLanguage":"fr-FR","potentialAction":[{"@type":"ReadAction","target":["https:\/\/keravi.fr\/index.php\/product\/duo-masque-shampoing-2\/"]}]},{"@type":"ImageObject","inLanguage":"fr-FR","@id":"https:\/\/keravi.fr\/index.php\/product\/duo-masque-shampoing-2\/#primaryimage","url":"https:\/\/keravi.fr\/wp-content\/uploads\/2023\/12\/WhatsApp-Image-2023-12-21-at-1.19.19-PM-2.jpeg","contentUrl":"https:\/\/keravi.fr\/wp-content\/uploads\/2023\/12\/WhatsApp-Image-2023-12-21-at-1.19.19-PM-2.jpeg","width":1000,"height":1000},{"@type":"BreadcrumbList","@id":"https:\/\/keravi.fr\/index.php\/product\/duo-masque-shampoing-2\/#breadcrumb","itemListElement":[{"@type":"ListItem","position":1,"name":"Accueil","item":"https:\/\/keravi.fr\/"},{"@type":"ListItem","position":2,"name":"Boutique","item":"https:\/\/keravi.fr\/index.php\/boutique\/"},{"@type":"ListItem","position":3,"name":"Duo R\u00e9paration &#8211; Masque &amp; Shampoing"}]},{"@type":"WebSite","@id":"https:\/\/keravi.fr\/#website","url":"https:\/\/keravi.fr\/","name":"Keravi","description":"","publisher":{"@id":"https:\/\/keravi.fr\/#\/schema\/person\/699c838e8b105af99b7206ca9c9b388f"},"potentialAction":[{"@type":"SearchAction","target":{"@type":"EntryPoint","urlTemplate":"https:\/\/keravi.fr\/?s={search_term_string}"},"query-input":{"@type":"PropertyValueSpecification","valueRequired":true,"valueName":"search_term_string"}}],"inLanguage":"fr-FR"},{"@type":["Person","Organization"],"@id":"https:\/\/keravi.fr\/#\/schema\/person\/699c838e8b105af99b7206ca9c9b388f","name":"Keravi","image":{"@type":"ImageObject","inLanguage":"fr-FR","@id":"https:\/\/keravi.fr\/wp-content\/uploads\/2023\/12\/cropped-logo-keravi-blanc.png","url":"https:\/\/keravi.fr\/wp-content\/uploads\/2023\/12\/cropped-logo-keravi-blanc.png","contentUrl":"https:\/\/keravi.fr\/wp-content\/uploads\/2023\/12\/cropped-logo-keravi-blanc.png","width":268,"height":80,"caption":"Keravi"},"logo":{"@id":"https:\/\/keravi.fr\/wp-content\/uploads\/2023\/12\/cropped-logo-keravi-blanc.png"}}]}},"_links":{"self":[{"href":"https:\/\/keravi.fr\/index.php\/wp-json\/wp\/v2\/product\/4304","targetHints":{"allow":["GET"]}}],"collection":[{"href":"https:\/\/keravi.fr\/index.php\/wp-json\/wp\/v2\/product"}],"about":[{"href":"https:\/\/keravi.fr\/index.php\/wp-json\/wp\/v2\/types\/product"}],"replies":[{"embeddable":true,"href":"https:\/\/keravi.fr\/index.php\/wp-json\/wp\/v2\/comments?post=4304"}],"wp:featuredmedia":[{"embeddable":true,"href":"https:\/\/keravi.fr\/index.php\/wp-json\/wp\/v2\/media\/3518"}],"wp:attachment":[{"href":"https:\/\/keravi.fr\/index.php\/wp-json\/wp\/v2\/media?parent=4304"}],"wp:term":[{"taxonomy":"product_brand","embeddable":true,"href":"https:\/\/keravi.fr\/index.php\/wp-json\/wp\/v2\/product_brand?post=4304"},{"taxonomy":"product_cat","embeddable":true,"href":"https:\/\/keravi.fr\/index.php\/wp-json\/wp\/v2\/product_cat?post=4304"},{"taxonomy":"product_tag","embeddable":true,"href":"https:\/\/keravi.fr\/index.php\/wp-json\/wp\/v2\/product_tag?post=4304"}],"curies":[{"name":"wp","href":"https:\/\/api.w.org\/{rel}","templated":true}]}}