{"id":13,"date":"2024-02-11T12:53:34","date_gmt":"2024-02-11T11:53:34","guid":{"rendered":"https:\/\/keravi.fr\/?page_id=13"},"modified":"2024-02-11T12:53:36","modified_gmt":"2024-02-11T11:53:36","slug":"politique-retour","status":"publish","type":"page","link":"https:\/\/keravi.fr\/index.php\/politique-retour\/","title":{"rendered":"Politique de retour"},"content":{"rendered":"\n<hr class=\"wp-block-separator has-alpha-channel-opacity\"\/>\n\n\n\n<p>Notre politique dure 30&nbsp;jours. Si plus de 30&nbsp;jours se sont \u00e9coul\u00e9s depuis votre achat, nous ne pouvons malheureusement offrir ni remboursement ni \u00e9change.<\/p>\n\n\n\n<p>Pour pouvoir \u00eatre retourn\u00e9, votre article doit \u00eatre inutilis\u00e9 et dans l&rsquo;\u00e9tat o\u00f9 vous l&rsquo;avez re\u00e7u. Il doit aussi \u00eatre dans son emballage d&rsquo;origine.<\/p>\n\n\n\n<p>Le retour de certains types de marchandises n&rsquo;est pas autoris\u00e9. Ainsi, les denr\u00e9es p\u00e9rissables, telles que les aliments, les fleurs, les journaux ou les magazines, ne peuvent pas \u00eatre retourn\u00e9es. De m\u00eame, nous n&rsquo;acceptons pas les produits intimes ou sanitaires, les mati\u00e8res ou substances dangereuses, ni les liquides ou les gaz inflammables.<\/p>\n\n\n\n<p>Pour compl\u00e9ter votre retour, nous exigeons un re\u00e7u ou une preuve d&rsquo;achat.<br>Ne retournez pas votre achat au fabricant.<\/p>\n\n\n\n<p><br>Une fois votre retour re\u00e7u et inspect\u00e9, nous vous adresserons un e-mail pour vous indiquer que nous avons re\u00e7u l&rsquo;article retourn\u00e9. Nous vous pr\u00e9ciserons \u00e9galement si votre remboursement est approuv\u00e9 ou refus\u00e9.<br>S&rsquo;il est approuv\u00e9, votre remboursement est alors trait\u00e9 et votre carte de cr\u00e9dit ou moyen de paiement initial se voit cr\u00e9dit\u00e9(e) automatiquement dans un d\u00e9lai de quelques jours.<\/p>\n\n\n\n<p>Remboursements retard\u00e9s ou manquants (le cas \u00e9ch\u00e9ant)<br>Si vous n&rsquo;avez pas encore re\u00e7u de remboursement, rev\u00e9rifiez d&rsquo;abord votre compte bancaire.<br>Puis contactez la soci\u00e9t\u00e9 \u00e9mettrice de votre carte de cr\u00e9dit, car il se peut que l&rsquo;affichage officiel de votre remboursement prenne un peu de temps.<br>Ensuite, contactez votre banque. L&rsquo;affichage d&rsquo;un remboursement est souvent pr\u00e9c\u00e9d\u00e9 d&rsquo;un d\u00e9lai de traitement.<br>Si vous avez effectu\u00e9 toutes ces d\u00e9marches et que vous n&rsquo;avez toujours pas re\u00e7u votre remboursement, contactez-nous \u00e0 l&rsquo;adresse suivante\u00a0: contact@keravi.fr.<br>Articles sold\u00e9s ou en promotion (le cas \u00e9ch\u00e9ant)<br>Seuls les articles \u00e0 prix normal sont remboursables. Malheureusement, les articles sold\u00e9s ou en promotion ne le sont pas.<\/p>\n\n\n\n<p>\u00c9changes (le cas \u00e9ch\u00e9ant)<br>Nous ne rempla\u00e7ons que les articles initialement d\u00e9fectueux ou endommag\u00e9s. Si vous devez remplacer le v\u00f4tre par le m\u00eame article, adressez-nous un e-mail \u00e0 contact@keravi.fr et envoyez votre article \u00e0\u00a0: 1 rue francois mitterrand, Luray, 28500, France.<\/p>\n\n\n\n<p>Les co\u00fbts d&rsquo;exp\u00e9dition li\u00e9s au retour de votre article sont \u00e0 votre charge. Ils ne sont pas remboursables. Si vous recevez un remboursement, le co\u00fbt d&rsquo;exp\u00e9dition du retour en sera d\u00e9duit.<\/p>\n\n\n\n<p>Selon l&rsquo;endroit o\u00f9 vous vivez, le d\u00e9lai de r\u00e9ception de votre produit \u00e9chang\u00e9 peut varier.<\/p>\n\n\n\n<p>Si vous exp\u00e9diez un article d&rsquo;une valeur sup\u00e9rieure \u00e0 75&nbsp;\u20ac, nous vous recommandons d&rsquo;utiliser un service de suivi d&rsquo;exp\u00e9dition ou de faire assurer votre envoi. Nous ne garantissons pas que nous recevrons l&rsquo;article retourn\u00e9.<\/p>\n","protected":false},"excerpt":{"rendered":"<p>Notre politique dure 30&nbsp;jours. Si plus de 30&nbsp;jours se sont \u00e9coul\u00e9s depuis votre achat, nous ne pouvons malheureusement offrir ni remboursement ni \u00e9change. Pour pouvoir \u00eatre retourn\u00e9, votre article doit \u00eatre inutilis\u00e9 et dans l&rsquo;\u00e9tat o\u00f9 vous l&rsquo;avez re\u00e7u. Il doit aussi \u00eatre dans son emballage d&rsquo;origine. Le retour de [&hellip;]<\/p>\n","protected":false},"author":1,"featured_media":0,"parent":0,"menu_order":0,"comment_status":"closed","ping_status":"closed","template":"","meta":{"footnotes":""},"class_list":["post-13","page","type-page","status-publish","hentry"],"yoast_head":"<!-- This site is optimized with the Yoast SEO plugin v27.4 - https:\/\/yoast.com\/product\/yoast-seo-wordpress\/ -->\n<title>Politique de retour - Keravi<\/title>\n<meta name=\"robots\" content=\"index, follow, max-snippet:-1, max-image-preview:large, max-video-preview:-1\" \/>\n<link rel=\"canonical\" href=\"https:\/\/keravi.fr\/index.php\/politique-retour\/\" \/>\n<meta property=\"og:locale\" content=\"fr_FR\" \/>\n<meta property=\"og:type\" content=\"article\" \/>\n<meta property=\"og:title\" content=\"Politique de retour - Keravi\" \/>\n<meta property=\"og:description\" content=\"Notre politique dure 30&nbsp;jours. Si plus de 30&nbsp;jours se sont \u00e9coul\u00e9s depuis votre achat, nous ne pouvons malheureusement offrir ni remboursement ni \u00e9change. Pour pouvoir \u00eatre retourn\u00e9, votre article doit \u00eatre inutilis\u00e9 et dans l&rsquo;\u00e9tat o\u00f9 vous l&rsquo;avez re\u00e7u. Il doit aussi \u00eatre dans son emballage d&rsquo;origine. Le retour de [&hellip;]\" \/>\n<meta property=\"og:url\" content=\"https:\/\/keravi.fr\/index.php\/politique-retour\/\" \/>\n<meta property=\"og:site_name\" content=\"Keravi\" \/>\n<meta property=\"article:modified_time\" content=\"2024-02-11T11:53:36+00:00\" \/>\n<meta name=\"twitter:card\" content=\"summary_large_image\" \/>\n<meta name=\"twitter:label1\" content=\"Dur\u00e9e de lecture estim\u00e9e\" \/>\n\t<meta name=\"twitter:data1\" content=\"2 minutes\" \/>\n<script type=\"application\/ld+json\" class=\"yoast-schema-graph\">{\"@context\":\"https:\\\/\\\/schema.org\",\"@graph\":[{\"@type\":\"WebPage\",\"@id\":\"https:\\\/\\\/keravi.fr\\\/index.php\\\/politique-retour\\\/\",\"url\":\"https:\\\/\\\/keravi.fr\\\/index.php\\\/politique-retour\\\/\",\"name\":\"Politique de retour - Keravi\",\"isPartOf\":{\"@id\":\"https:\\\/\\\/keravi.fr\\\/#website\"},\"datePublished\":\"2024-02-11T11:53:34+00:00\",\"dateModified\":\"2024-02-11T11:53:36+00:00\",\"breadcrumb\":{\"@id\":\"https:\\\/\\\/keravi.fr\\\/index.php\\\/politique-retour\\\/#breadcrumb\"},\"inLanguage\":\"fr-FR\",\"potentialAction\":[{\"@type\":\"ReadAction\",\"target\":[\"https:\\\/\\\/keravi.fr\\\/index.php\\\/politique-retour\\\/\"]}]},{\"@type\":\"BreadcrumbList\",\"@id\":\"https:\\\/\\\/keravi.fr\\\/index.php\\\/politique-retour\\\/#breadcrumb\",\"itemListElement\":[{\"@type\":\"ListItem\",\"position\":1,\"name\":\"Accueil\",\"item\":\"https:\\\/\\\/keravi.fr\\\/\"},{\"@type\":\"ListItem\",\"position\":2,\"name\":\"Politique de retour\"}]},{\"@type\":\"WebSite\",\"@id\":\"https:\\\/\\\/keravi.fr\\\/#website\",\"url\":\"https:\\\/\\\/keravi.fr\\\/\",\"name\":\"Keravi\",\"description\":\"\",\"publisher\":{\"@id\":\"https:\\\/\\\/keravi.fr\\\/#\\\/schema\\\/person\\\/699c838e8b105af99b7206ca9c9b388f\"},\"potentialAction\":[{\"@type\":\"SearchAction\",\"target\":{\"@type\":\"EntryPoint\",\"urlTemplate\":\"https:\\\/\\\/keravi.fr\\\/?s={search_term_string}\"},\"query-input\":{\"@type\":\"PropertyValueSpecification\",\"valueRequired\":true,\"valueName\":\"search_term_string\"}}],\"inLanguage\":\"fr-FR\"},{\"@type\":[\"Person\",\"Organization\"],\"@id\":\"https:\\\/\\\/keravi.fr\\\/#\\\/schema\\\/person\\\/699c838e8b105af99b7206ca9c9b388f\",\"name\":\"Keravi\",\"image\":{\"@type\":\"ImageObject\",\"inLanguage\":\"fr-FR\",\"@id\":\"https:\\\/\\\/keravi.fr\\\/wp-content\\\/uploads\\\/2023\\\/12\\\/cropped-logo-keravi-blanc.png\",\"url\":\"https:\\\/\\\/keravi.fr\\\/wp-content\\\/uploads\\\/2023\\\/12\\\/cropped-logo-keravi-blanc.png\",\"contentUrl\":\"https:\\\/\\\/keravi.fr\\\/wp-content\\\/uploads\\\/2023\\\/12\\\/cropped-logo-keravi-blanc.png\",\"width\":268,\"height\":80,\"caption\":\"Keravi\"},\"logo\":{\"@id\":\"https:\\\/\\\/keravi.fr\\\/wp-content\\\/uploads\\\/2023\\\/12\\\/cropped-logo-keravi-blanc.png\"}}]}<\/script>\n<!-- \/ Yoast SEO plugin. -->","yoast_head_json":{"title":"Politique de retour - Keravi","robots":{"index":"index","follow":"follow","max-snippet":"max-snippet:-1","max-image-preview":"max-image-preview:large","max-video-preview":"max-video-preview:-1"},"canonical":"https:\/\/keravi.fr\/index.php\/politique-retour\/","og_locale":"fr_FR","og_type":"article","og_title":"Politique de retour - Keravi","og_description":"Notre politique dure 30&nbsp;jours. Si plus de 30&nbsp;jours se sont \u00e9coul\u00e9s depuis votre achat, nous ne pouvons malheureusement offrir ni remboursement ni \u00e9change. Pour pouvoir \u00eatre retourn\u00e9, votre article doit \u00eatre inutilis\u00e9 et dans l&rsquo;\u00e9tat o\u00f9 vous l&rsquo;avez re\u00e7u. Il doit aussi \u00eatre dans son emballage d&rsquo;origine. Le retour de [&hellip;]","og_url":"https:\/\/keravi.fr\/index.php\/politique-retour\/","og_site_name":"Keravi","article_modified_time":"2024-02-11T11:53:36+00:00","twitter_card":"summary_large_image","twitter_misc":{"Dur\u00e9e de lecture estim\u00e9e":"2 minutes"},"schema":{"@context":"https:\/\/schema.org","@graph":[{"@type":"WebPage","@id":"https:\/\/keravi.fr\/index.php\/politique-retour\/","url":"https:\/\/keravi.fr\/index.php\/politique-retour\/","name":"Politique de retour - Keravi","isPartOf":{"@id":"https:\/\/keravi.fr\/#website"},"datePublished":"2024-02-11T11:53:34+00:00","dateModified":"2024-02-11T11:53:36+00:00","breadcrumb":{"@id":"https:\/\/keravi.fr\/index.php\/politique-retour\/#breadcrumb"},"inLanguage":"fr-FR","potentialAction":[{"@type":"ReadAction","target":["https:\/\/keravi.fr\/index.php\/politique-retour\/"]}]},{"@type":"BreadcrumbList","@id":"https:\/\/keravi.fr\/index.php\/politique-retour\/#breadcrumb","itemListElement":[{"@type":"ListItem","position":1,"name":"Accueil","item":"https:\/\/keravi.fr\/"},{"@type":"ListItem","position":2,"name":"Politique de retour"}]},{"@type":"WebSite","@id":"https:\/\/keravi.fr\/#website","url":"https:\/\/keravi.fr\/","name":"Keravi","description":"","publisher":{"@id":"https:\/\/keravi.fr\/#\/schema\/person\/699c838e8b105af99b7206ca9c9b388f"},"potentialAction":[{"@type":"SearchAction","target":{"@type":"EntryPoint","urlTemplate":"https:\/\/keravi.fr\/?s={search_term_string}"},"query-input":{"@type":"PropertyValueSpecification","valueRequired":true,"valueName":"search_term_string"}}],"inLanguage":"fr-FR"},{"@type":["Person","Organization"],"@id":"https:\/\/keravi.fr\/#\/schema\/person\/699c838e8b105af99b7206ca9c9b388f","name":"Keravi","image":{"@type":"ImageObject","inLanguage":"fr-FR","@id":"https:\/\/keravi.fr\/wp-content\/uploads\/2023\/12\/cropped-logo-keravi-blanc.png","url":"https:\/\/keravi.fr\/wp-content\/uploads\/2023\/12\/cropped-logo-keravi-blanc.png","contentUrl":"https:\/\/keravi.fr\/wp-content\/uploads\/2023\/12\/cropped-logo-keravi-blanc.png","width":268,"height":80,"caption":"Keravi"},"logo":{"@id":"https:\/\/keravi.fr\/wp-content\/uploads\/2023\/12\/cropped-logo-keravi-blanc.png"}}]}},"_links":{"self":[{"href":"https:\/\/keravi.fr\/index.php\/wp-json\/wp\/v2\/pages\/13","targetHints":{"allow":["GET"]}}],"collection":[{"href":"https:\/\/keravi.fr\/index.php\/wp-json\/wp\/v2\/pages"}],"about":[{"href":"https:\/\/keravi.fr\/index.php\/wp-json\/wp\/v2\/types\/page"}],"author":[{"embeddable":true,"href":"https:\/\/keravi.fr\/index.php\/wp-json\/wp\/v2\/users\/1"}],"replies":[{"embeddable":true,"href":"https:\/\/keravi.fr\/index.php\/wp-json\/wp\/v2\/comments?post=13"}],"version-history":[{"count":2,"href":"https:\/\/keravi.fr\/index.php\/wp-json\/wp\/v2\/pages\/13\/revisions"}],"predecessor-version":[{"id":4239,"href":"https:\/\/keravi.fr\/index.php\/wp-json\/wp\/v2\/pages\/13\/revisions\/4239"}],"wp:attachment":[{"href":"https:\/\/keravi.fr\/index.php\/wp-json\/wp\/v2\/media?parent=13"}],"curies":[{"name":"wp","href":"https:\/\/api.w.org\/{rel}","templated":true}]}}