{"id":129,"date":"2019-03-20T04:12:33","date_gmt":"2019-03-20T04:12:33","guid":{"rendered":"https:\/\/goya.everthemes.com\/demo-basic\/?page_id=129"},"modified":"2024-02-11T13:58:55","modified_gmt":"2024-02-11T12:58:55","slug":"notre-histoire","status":"publish","type":"page","link":"https:\/\/keravi.fr\/index.php\/notre-histoire\/","title":{"rendered":"Notre histoire"},"content":{"rendered":"<div class=\"wpb-content-wrapper\">[vc_row et_full_width=\u00a0\u00bbtrue\u00a0\u00bb et_row_padding=\u00a0\u00bbtrue\u00a0\u00bb full_height=\u00a0\u00bbyes\u00a0\u00bb equal_height=\u00a0\u00bbyes\u00a0\u00bb content_placement=\u00a0\u00bbmiddle\u00a0\u00bb thb_column_padding=\u00a0\u00bbtrue\u00a0\u00bb el_class=\u00a0\u00bbvideo-bg-row\u00a0\u00bb][vc_column][vc_row_inner content_placement=\u00a0\u00bbmiddle\u00a0\u00bb css=\u00a0\u00bb.vc_custom_1705424159817{background-position: center !important;background-repeat: no-repeat !important;background-size: cover !important;}\u00a0\u00bb][vc_column_inner width=\u00a0\u00bb1\/2&Prime; css=\u00a0\u00bb.vc_custom_1705425283650{padding-top: 20% !important;padding-right: 20% !important;padding-bottom: 10% !important;padding-left: 20% !important;}\u00a0\u00bb]\t<div class=\"et-image-695 et-image aligncenter    et_image_link\">\n\t\t<div class=\"et-image-inner \">\n\t\t\t\t\t\t\t<div class=\"et-image-thumb \">\n\t\t\t\t\t<img loading=\"lazy\" decoding=\"async\" width=\"616\" height=\"848\" src=\"https:\/\/keravi.fr\/wp-content\/uploads\/2023\/12\/Capture-decran-2023-12-06-a-17.18.16.png\" class=\"attachment-full\" alt=\"\" title=\"Capture d\u2019e\u0301cran 2023-12-06 a\u0300 17.18.16\" srcset=\"https:\/\/keravi.fr\/wp-content\/uploads\/2023\/12\/Capture-decran-2023-12-06-a-17.18.16.png 616w, https:\/\/keravi.fr\/wp-content\/uploads\/2023\/12\/Capture-decran-2023-12-06-a-17.18.16-218x300.png 218w, https:\/\/keravi.fr\/wp-content\/uploads\/2023\/12\/Capture-decran-2023-12-06-a-17.18.16-109x150.png 109w, https:\/\/keravi.fr\/wp-content\/uploads\/2023\/12\/Capture-decran-2023-12-06-a-17.18.16-450x619.png 450w\" sizes=\"auto, (max-width: 616px) 100vw, 616px\" \/>\t\t\t\t<\/div>\n\t\t\t\t\t\t\t\t\t\t\t<\/div>\n\t<\/div>\n  [\/vc_column_inner][vc_column_inner width=\u00a0\u00bb1\/2&Prime; animation=\u00a0\u00bbanimation fade-in\u00a0\u00bb][vc_column_text]\n<h2 style=\"text-align: center;\">D\u00e9couvrir <i>notre<\/i> histoire<\/h2>\n<div style=\"color: black; text-align: justify;\">Best Beauty Studio, expert en r\u00e9paration capillaire, partage son savoir-faire et son expertise unique dans l&rsquo;univers du lissage depuis 2019. En tant que pionniers, nous formons \u00e9galement de nouveaux talents aux techniques de lissage de derni\u00e8re g\u00e9n\u00e9ration. Anim\u00e9e par une passion pr\u00e9coce pour les cheveux, Sarah B concr\u00e9tise son r\u00eave en cr\u00e9ant une marque exceptionnelle, capable de r\u00e9pondre \u00e0 tous les besoins capillaires.Issue d&rsquo;une famille de quatre s\u0153urs, certaines se plaignaient de cheveux trop cr\u00e9pus ou endommag\u00e9s par les colorations et m\u00e8ches. En utilisant fr\u00e9quemment le fer \u00e0 lisser, nous avons ressenti le besoin de cr\u00e9er Keravi, une marque 100% naturelle, sans formol, sans sulfate et sans paraben, pour offrir une solution s\u00fbre et efficace.<\/div>\n[\/vc_column_text][\/vc_column_inner][\/vc_row_inner][vc_row_inner content_placement=\u00a0\u00bbmiddle\u00a0\u00bb][vc_column_inner width=\u00a0\u00bb2\/3&Prime; animation=\u00a0\u00bbanimation left-to-right\u00a0\u00bb offset=\u00a0\u00bbvc_col-md-5&Prime;][vc_column_text]\n<h2 style=\"text-align: center;\">La <i>fondatrice<\/i><\/h2>\n<p style=\"text-align: justify;\">Sarah B est la cr\u00e9atrice de Keravi, une marque d\u00e9di\u00e9e aux soins capillaires et sp\u00e9cialis\u00e9e dans les techniques de lissage. Plongez dans l&rsquo;univers Keravi, o\u00f9 la passion pour la beaut\u00e9 capillaire rencontre l&rsquo;innovation. Notre histoire commence avec le d\u00e9sir ardent de cr\u00e9er des produits exceptionnels, alliant harmonieusement la science et la nature. Chaque formule Keravi est con\u00e7ue avec soin pour sublimer vos cheveux, mettant en avant la qualit\u00e9 et le bien-\u00eatre. Explorez notre gamme pour des cheveux magnifiques, sains et naturellement liss\u00e9s. Bienvenue dans l&rsquo;exp\u00e9rience Keravi, o\u00f9 la beaut\u00e9 capillaire prend une toute nouvelle dimension.<\/p>\n<div class=\"yj6qo\"><\/div>\n[\/vc_column_text][\/vc_column_inner][vc_column_inner width=\u00a0\u00bb1\/4&Prime; offset=\u00a0\u00bbvc_col-md-7&Prime;]\t<div class=\"et-image-70 et-image aligncenter    et_image_link\">\n\t\t<div class=\"et-image-inner animation right-to-left\">\n\t\t\t\t\t\t\t<div class=\"et-image-thumb \">\n\t\t\t\t\t<img decoding=\"async\" class=\"\" src=\"https:\/\/keravi.fr\/wp-content\/uploads\/2023\/12\/Capture-decran-2023-12-06-a-17.18.32-500x500.png\" width=\"500\" height=\"500\" alt=\"Capture d\u2019e\u0301cran 2023-12-06 a\u0300 17.18.32\" title=\"Capture d\u2019e\u0301cran 2023-12-06 a\u0300 17.18.32\" loading=\"lazy\" \/>\t\t\t\t<\/div>\n\t\t\t\t\t\t\t\t\t\t\t<\/div>\n\t<\/div>\n  [\/vc_column_inner][\/vc_row_inner][vc_row_inner rtl_reverse=\u00a0\u00bbyes\u00a0\u00bb content_placement=\u00a0\u00bbmiddle\u00a0\u00bb css=\u00a0\u00bb.vc_custom_1705425330222{background-position: center !important;background-repeat: no-repeat !important;background-size: cover !important;}\u00a0\u00bb][vc_column_inner width=\u00a0\u00bb1\/2&Prime; css=\u00a0\u00bb.vc_custom_1705425407115{padding-top: 20% !important;padding-right: 20% !important;padding-bottom: 20% !important;padding-left: 20% !important;}\u00a0\u00bb offset=\u00a0\u00bbvc_hidden-md vc_hidden-sm vc_hidden-xs\u00a0\u00bb]\t<div class=\"et-image-828 et-image aligncenter    et_image_link\">\n\t\t<div class=\"et-image-inner \">\n\t\t\t\t\t\t\t<div class=\"et-image-thumb \">\n\t\t\t\t\t<img loading=\"lazy\" decoding=\"async\" width=\"616\" height=\"848\" src=\"https:\/\/keravi.fr\/wp-content\/uploads\/2023\/12\/Capture-decran-2023-12-06-a-17.18.16.png\" class=\"attachment-full\" alt=\"\" title=\"Capture d\u2019e\u0301cran 2023-12-06 a\u0300 17.18.16\" srcset=\"https:\/\/keravi.fr\/wp-content\/uploads\/2023\/12\/Capture-decran-2023-12-06-a-17.18.16.png 616w, https:\/\/keravi.fr\/wp-content\/uploads\/2023\/12\/Capture-decran-2023-12-06-a-17.18.16-218x300.png 218w, https:\/\/keravi.fr\/wp-content\/uploads\/2023\/12\/Capture-decran-2023-12-06-a-17.18.16-109x150.png 109w, https:\/\/keravi.fr\/wp-content\/uploads\/2023\/12\/Capture-decran-2023-12-06-a-17.18.16-450x619.png 450w\" sizes=\"auto, (max-width: 616px) 100vw, 616px\" \/>\t\t\t\t<\/div>\n\t\t\t\t\t\t\t\t\t\t\t<\/div>\n\t<\/div>\n  [\/vc_column_inner][vc_column_inner width=\u00a0\u00bb1\/2&Prime; animation=\u00a0\u00bbanimation fade-in\u00a0\u00bb][vc_empty_space][vc_column_text]\n<h2 style=\"text-align: center;\">Notre <i>engagement<\/i> eco-responsable<\/h2>\n<div style=\"color: black; text-align: justify;\">\n<div>Chez Keravi, l&rsquo;engagement envers la beaut\u00e9 va de pair avec le respect de la nature. Nos produits sont plus qu&rsquo;une simple solution capillaire ; ils sont une c\u00e9l\u00e9bration de la nature et du bien-\u00eatre. Tous nos produits sont soigneusement formul\u00e9s, privil\u00e9giant des ingr\u00e9dients naturels et biologiques, sans sulfates, silicones ni parabens. Nous sommes fiers de contribuer \u00e0 la pr\u00e9servation de l&rsquo;environnement en cr\u00e9ant des produits respectueux de la nature, tout en assurant que nos formules ne sont jamais test\u00e9es sur des animaux. Choisir Keravi, c&rsquo;est choisir une beaut\u00e9 responsable et \u00e9thique. Nos produits ont \u00e9t\u00e9 m\u00e9ticuleusement con\u00e7us dans un laboratoire br\u00e9silien, reconnu pour son expertise en cosm\u00e9tologie capillaire. Les meilleurs nutriments ont \u00e9t\u00e9 pens\u00e9s et refl\u00e9t\u00e9s dans chaque formule, pour offrir \u00e0 nos clients une exp\u00e9rience capillaire exceptionnelle. Optez pour des produits qui prennent soin de vos cheveux tout en respectant la plan\u00e8te avec Keravi.<\/div>\n<\/div>\n[\/vc_column_text][\/vc_column_inner][\/vc_row_inner][\/vc_column][\/vc_row][vc_row et_full_width=\u00a0\u00bbtrue\u00a0\u00bb et_row_padding=\u00a0\u00bbtrue\u00a0\u00bb css=\u00a0\u00bb.vc_custom_1705172840916{padding-top: 50px !important;background-color: #d1cac2 !important;}\u00a0\u00bb][vc_column width=\u00a0\u00bb1\/3&Prime;]\n\t<div id=\"et-counter-69e4c599674dd\" class=\"et-counter animation bottom-to-top counter-color- icon-color- text-color- counter-top\" >\n\t\t\t\t\t<div class=\"counter-container\">\n\t\t\t\t\t\t\t\t\t<div class=\"h1\" data-count=\"98%\" data-speed=\"2000\">0<\/div>\n\t\t\t\t\t\t\t\t\t\t\t\t\t<h4>Clientes satisfaite<\/h4>\n\t\t\t\t\t\t\t<\/div>\n\t\t\t\t\t\t\t\t\t\t<figure>\t\t\t\t\t<span class=\"fas fa-percent\"><\/span>\n\t\t\t\t\t\t\t\t\t<\/figure>\n\t\t\t\t\t\t\t\n\t<\/div>\n\t[\/vc_column][vc_column width=\u00a0\u00bb1\/3&Prime;]\n\t<div id=\"et-counter-69e4c59967540\" class=\"et-counter animation bottom-to-top counter-color- icon-color- text-color- counter-top\" >\n\t\t\t\t\t<div class=\"counter-container\">\n\t\t\t\t\t\t\t\t\t<div class=\"h1\" data-count=\"99%\" data-speed=\"2000\">0<\/div>\n\t\t\t\t\t\t\t\t\t\t\t\t\t<h4>clients qui ont valid\u00e9s nos produits<\/h4>\n\t\t\t\t\t\t\t<\/div>\n\t\t\t\t\t\t\t\t\t\t<figure>\t\t\t\t\t<span class=\"fas fa-percent\"><\/span>\n\t\t\t\t\t\t\t\t\t<\/figure>\n\t\t\t\t\t\t\t\n\t<\/div>\n\t[\/vc_column][vc_column width=\u00a0\u00bb1\/3&Prime;]\n\t<div id=\"et-counter-69e4c59967558\" class=\"et-counter animation bottom-to-top counter-color- icon-color- text-color- counter-top\" >\n\t\t\t\t\t<div class=\"counter-container\">\n\t\t\t\t\t\t\t\t\t<div class=\"h1\" data-count=\"98%\" data-speed=\"2000\">0<\/div>\n\t\t\t\t\t\t\t\t\t\t\t\t\t<h4>de r\u00e9sultat positif<\/h4>\n\t\t\t\t\t\t\t<\/div>\n\t\t\t\t\t\t\t\t\t\t<figure>\t\t\t\t\t<span class=\"fas fa-percent\"><\/span>\n\t\t\t\t\t\t\t\t\t<\/figure>\n\t\t\t\t\t\t\t\n\t<\/div>\n\t[\/vc_column][\/vc_row]\n<\/div>","protected":false},"excerpt":{"rendered":"<p>[vc_row et_full_width=\u00a0\u00bbtrue\u00a0\u00bb et_row_padding=\u00a0\u00bbtrue\u00a0\u00bb full_height=\u00a0\u00bbyes\u00a0\u00bb equal_height=\u00a0\u00bbyes\u00a0\u00bb content_placement=\u00a0\u00bbmiddle\u00a0\u00bb thb_column_padding=\u00a0\u00bbtrue\u00a0\u00bb el_class=\u00a0\u00bbvideo-bg-row\u00a0\u00bb][vc_column][vc_row_inner content_placement=\u00a0\u00bbmiddle\u00a0\u00bb css=\u00a0\u00bb.vc_custom_1705424159817{background-position: center !important;background-repeat: no-repeat !important;background-size: cover !important;}\u00a0\u00bb][vc_column_inner width=\u00a0\u00bb1\/2&Prime; css=\u00a0\u00bb.vc_custom_1705425283650{padding-top: 20% !important;padding-right: 20% !important;padding-bottom: 10% !important;padding-left: 20% !important;}\u00a0\u00bb][\/vc_column_inner][vc_column_inner width=\u00a0\u00bb1\/2&Prime; animation=\u00a0\u00bbanimation fade-in\u00a0\u00bb][vc_column_text] D\u00e9couvrir notre histoire Best Beauty Studio, expert en r\u00e9paration capillaire, partage son savoir-faire et son expertise unique dans l&rsquo;univers du lissage [&hellip;]<\/p>\n","protected":false},"author":2,"featured_media":0,"parent":0,"menu_order":0,"comment_status":"closed","ping_status":"closed","template":"","meta":{"footnotes":""},"class_list":["post-129","page","type-page","status-publish","hentry"],"yoast_head":"<!-- This site is optimized with the Yoast SEO plugin v27.4 - https:\/\/yoast.com\/product\/yoast-seo-wordpress\/ -->\n<title>Notre histoire - Keravi<\/title>\n<meta name=\"description\" content=\"Best Beauty Studio, expert en r\u00e9paration capillaire, partage son savoir-faire et son expertise unique dans l\u2019univers du lissage depuis 2019.\" \/>\n<meta name=\"robots\" content=\"index, follow, max-snippet:-1, max-image-preview:large, max-video-preview:-1\" \/>\n<link rel=\"canonical\" href=\"https:\/\/keravi.fr\/index.php\/notre-histoire\/\" \/>\n<meta property=\"og:locale\" content=\"fr_FR\" \/>\n<meta property=\"og:type\" content=\"article\" \/>\n<meta property=\"og:title\" content=\"Notre histoire - Keravi\" \/>\n<meta property=\"og:description\" content=\"Best Beauty Studio, expert en r\u00e9paration capillaire, partage son savoir-faire et son expertise unique dans l\u2019univers du lissage depuis 2019.\" \/>\n<meta property=\"og:url\" content=\"https:\/\/keravi.fr\/index.php\/notre-histoire\/\" \/>\n<meta property=\"og:site_name\" content=\"Keravi\" \/>\n<meta property=\"article:modified_time\" content=\"2024-02-11T12:58:55+00:00\" \/>\n<meta name=\"twitter:card\" content=\"summary_large_image\" \/>\n<meta name=\"twitter:label1\" content=\"Dur\u00e9e de lecture estim\u00e9e\" \/>\n\t<meta name=\"twitter:data1\" content=\"3 minutes\" \/>\n<script type=\"application\/ld+json\" class=\"yoast-schema-graph\">{\"@context\":\"https:\\\/\\\/schema.org\",\"@graph\":[{\"@type\":\"WebPage\",\"@id\":\"https:\\\/\\\/keravi.fr\\\/index.php\\\/notre-histoire\\\/\",\"url\":\"https:\\\/\\\/keravi.fr\\\/index.php\\\/notre-histoire\\\/\",\"name\":\"Notre histoire - Keravi\",\"isPartOf\":{\"@id\":\"https:\\\/\\\/keravi.fr\\\/#website\"},\"datePublished\":\"2019-03-20T04:12:33+00:00\",\"dateModified\":\"2024-02-11T12:58:55+00:00\",\"description\":\"Best Beauty Studio, expert en r\u00e9paration capillaire, partage son savoir-faire et son expertise unique dans l\u2019univers du lissage depuis 2019.\",\"breadcrumb\":{\"@id\":\"https:\\\/\\\/keravi.fr\\\/index.php\\\/notre-histoire\\\/#breadcrumb\"},\"inLanguage\":\"fr-FR\",\"potentialAction\":[{\"@type\":\"ReadAction\",\"target\":[\"https:\\\/\\\/keravi.fr\\\/index.php\\\/notre-histoire\\\/\"]}]},{\"@type\":\"BreadcrumbList\",\"@id\":\"https:\\\/\\\/keravi.fr\\\/index.php\\\/notre-histoire\\\/#breadcrumb\",\"itemListElement\":[{\"@type\":\"ListItem\",\"position\":1,\"name\":\"Accueil\",\"item\":\"https:\\\/\\\/keravi.fr\\\/\"},{\"@type\":\"ListItem\",\"position\":2,\"name\":\"Notre histoire\"}]},{\"@type\":\"WebSite\",\"@id\":\"https:\\\/\\\/keravi.fr\\\/#website\",\"url\":\"https:\\\/\\\/keravi.fr\\\/\",\"name\":\"Keravi\",\"description\":\"\",\"publisher\":{\"@id\":\"https:\\\/\\\/keravi.fr\\\/#\\\/schema\\\/person\\\/699c838e8b105af99b7206ca9c9b388f\"},\"potentialAction\":[{\"@type\":\"SearchAction\",\"target\":{\"@type\":\"EntryPoint\",\"urlTemplate\":\"https:\\\/\\\/keravi.fr\\\/?s={search_term_string}\"},\"query-input\":{\"@type\":\"PropertyValueSpecification\",\"valueRequired\":true,\"valueName\":\"search_term_string\"}}],\"inLanguage\":\"fr-FR\"},{\"@type\":[\"Person\",\"Organization\"],\"@id\":\"https:\\\/\\\/keravi.fr\\\/#\\\/schema\\\/person\\\/699c838e8b105af99b7206ca9c9b388f\",\"name\":\"Keravi\",\"image\":{\"@type\":\"ImageObject\",\"inLanguage\":\"fr-FR\",\"@id\":\"https:\\\/\\\/keravi.fr\\\/wp-content\\\/uploads\\\/2023\\\/12\\\/cropped-logo-keravi-blanc.png\",\"url\":\"https:\\\/\\\/keravi.fr\\\/wp-content\\\/uploads\\\/2023\\\/12\\\/cropped-logo-keravi-blanc.png\",\"contentUrl\":\"https:\\\/\\\/keravi.fr\\\/wp-content\\\/uploads\\\/2023\\\/12\\\/cropped-logo-keravi-blanc.png\",\"width\":268,\"height\":80,\"caption\":\"Keravi\"},\"logo\":{\"@id\":\"https:\\\/\\\/keravi.fr\\\/wp-content\\\/uploads\\\/2023\\\/12\\\/cropped-logo-keravi-blanc.png\"}}]}<\/script>\n<!-- \/ Yoast SEO plugin. -->","yoast_head_json":{"title":"Notre histoire - Keravi","description":"Best Beauty Studio, expert en r\u00e9paration capillaire, partage son savoir-faire et son expertise unique dans l\u2019univers du lissage depuis 2019.","robots":{"index":"index","follow":"follow","max-snippet":"max-snippet:-1","max-image-preview":"max-image-preview:large","max-video-preview":"max-video-preview:-1"},"canonical":"https:\/\/keravi.fr\/index.php\/notre-histoire\/","og_locale":"fr_FR","og_type":"article","og_title":"Notre histoire - Keravi","og_description":"Best Beauty Studio, expert en r\u00e9paration capillaire, partage son savoir-faire et son expertise unique dans l\u2019univers du lissage depuis 2019.","og_url":"https:\/\/keravi.fr\/index.php\/notre-histoire\/","og_site_name":"Keravi","article_modified_time":"2024-02-11T12:58:55+00:00","twitter_card":"summary_large_image","twitter_misc":{"Dur\u00e9e de lecture estim\u00e9e":"3 minutes"},"schema":{"@context":"https:\/\/schema.org","@graph":[{"@type":"WebPage","@id":"https:\/\/keravi.fr\/index.php\/notre-histoire\/","url":"https:\/\/keravi.fr\/index.php\/notre-histoire\/","name":"Notre histoire - Keravi","isPartOf":{"@id":"https:\/\/keravi.fr\/#website"},"datePublished":"2019-03-20T04:12:33+00:00","dateModified":"2024-02-11T12:58:55+00:00","description":"Best Beauty Studio, expert en r\u00e9paration capillaire, partage son savoir-faire et son expertise unique dans l\u2019univers du lissage depuis 2019.","breadcrumb":{"@id":"https:\/\/keravi.fr\/index.php\/notre-histoire\/#breadcrumb"},"inLanguage":"fr-FR","potentialAction":[{"@type":"ReadAction","target":["https:\/\/keravi.fr\/index.php\/notre-histoire\/"]}]},{"@type":"BreadcrumbList","@id":"https:\/\/keravi.fr\/index.php\/notre-histoire\/#breadcrumb","itemListElement":[{"@type":"ListItem","position":1,"name":"Accueil","item":"https:\/\/keravi.fr\/"},{"@type":"ListItem","position":2,"name":"Notre histoire"}]},{"@type":"WebSite","@id":"https:\/\/keravi.fr\/#website","url":"https:\/\/keravi.fr\/","name":"Keravi","description":"","publisher":{"@id":"https:\/\/keravi.fr\/#\/schema\/person\/699c838e8b105af99b7206ca9c9b388f"},"potentialAction":[{"@type":"SearchAction","target":{"@type":"EntryPoint","urlTemplate":"https:\/\/keravi.fr\/?s={search_term_string}"},"query-input":{"@type":"PropertyValueSpecification","valueRequired":true,"valueName":"search_term_string"}}],"inLanguage":"fr-FR"},{"@type":["Person","Organization"],"@id":"https:\/\/keravi.fr\/#\/schema\/person\/699c838e8b105af99b7206ca9c9b388f","name":"Keravi","image":{"@type":"ImageObject","inLanguage":"fr-FR","@id":"https:\/\/keravi.fr\/wp-content\/uploads\/2023\/12\/cropped-logo-keravi-blanc.png","url":"https:\/\/keravi.fr\/wp-content\/uploads\/2023\/12\/cropped-logo-keravi-blanc.png","contentUrl":"https:\/\/keravi.fr\/wp-content\/uploads\/2023\/12\/cropped-logo-keravi-blanc.png","width":268,"height":80,"caption":"Keravi"},"logo":{"@id":"https:\/\/keravi.fr\/wp-content\/uploads\/2023\/12\/cropped-logo-keravi-blanc.png"}}]}},"_links":{"self":[{"href":"https:\/\/keravi.fr\/index.php\/wp-json\/wp\/v2\/pages\/129","targetHints":{"allow":["GET"]}}],"collection":[{"href":"https:\/\/keravi.fr\/index.php\/wp-json\/wp\/v2\/pages"}],"about":[{"href":"https:\/\/keravi.fr\/index.php\/wp-json\/wp\/v2\/types\/page"}],"author":[{"embeddable":true,"href":"https:\/\/keravi.fr\/index.php\/wp-json\/wp\/v2\/users\/2"}],"replies":[{"embeddable":true,"href":"https:\/\/keravi.fr\/index.php\/wp-json\/wp\/v2\/comments?post=129"}],"version-history":[{"count":67,"href":"https:\/\/keravi.fr\/index.php\/wp-json\/wp\/v2\/pages\/129\/revisions"}],"predecessor-version":[{"id":4234,"href":"https:\/\/keravi.fr\/index.php\/wp-json\/wp\/v2\/pages\/129\/revisions\/4234"}],"wp:attachment":[{"href":"https:\/\/keravi.fr\/index.php\/wp-json\/wp\/v2\/media?parent=129"}],"curies":[{"name":"wp","href":"https:\/\/api.w.org\/{rel}","templated":true}]}}